{"id":2674,"date":"2024-09-19T12:57:11","date_gmt":"2024-09-19T10:57:11","guid":{"rendered":"https:\/\/mg-verktyg.se\/der-laden\/"},"modified":"2024-09-27T08:40:46","modified_gmt":"2024-09-27T08:40:46","slug":"der-laden","status":"publish","type":"page","link":"https:\/\/mg-verktyg.se\/de\/der-laden\/","title":{"rendered":"Der Laden"},"content":{"rendered":"\t\t<div data-elementor-type=\"wp-page\" data-elementor-id=\"2674\" class=\"elementor elementor-2674 elementor-1515\" data-elementor-post-type=\"page\">\n\t\t\t\t<div class=\"elementor-element elementor-element-0de5e52 e-flex e-con-boxed e-con e-parent\" data-id=\"0de5e52\" data-element_type=\"container\" data-e-type=\"container\" data-settings=\"{&quot;background_background&quot;:&quot;classic&quot;}\">\n\t\t\t\t\t<div class=\"e-con-inner\">\n\t\t\t\t<div class=\"elementor-element elementor-element-25087e6 elementor-widget elementor-widget-heading\" data-id=\"25087e6\" data-element_type=\"widget\" data-e-type=\"widget\" data-widget_type=\"heading.default\">\n\t\t\t\t<div class=\"elementor-widget-container\">\n\t\t\t\t\t<h1 class=\"elementor-heading-title elementor-size-default\">Der Laden<\/h1>\t\t\t\t<\/div>\n\t\t\t\t<\/div>\n\t\t\t\t<div class=\"elementor-element elementor-element-e61d7f9 elementor-widget-divider--view-line elementor-widget elementor-widget-divider\" data-id=\"e61d7f9\" data-element_type=\"widget\" data-e-type=\"widget\" data-widget_type=\"divider.default\">\n\t\t\t\t<div class=\"elementor-widget-container\">\n\t\t\t\t\t\t\t<div class=\"elementor-divider\">\n\t\t\t<span class=\"elementor-divider-separator\">\n\t\t\t\t\t\t<\/span>\n\t\t<\/div>\n\t\t\t\t\t\t<\/div>\n\t\t\t\t<\/div>\n\t\t\t\t\t<\/div>\n\t\t\t\t<\/div>\n\t\t<div class=\"elementor-element elementor-element-189f759 e-flex e-con-boxed e-con e-parent\" data-id=\"189f759\" data-element_type=\"container\" data-e-type=\"container\" data-settings=\"{&quot;background_background&quot;:&quot;classic&quot;}\">\n\t\t\t\t\t<div class=\"e-con-inner\">\n\t\t\t\t<div class=\"elementor-element elementor-element-d684e29 elementor-widget__width-initial elementor-widget-tablet__width-initial elementor-widget elementor-widget-image\" data-id=\"d684e29\" data-element_type=\"widget\" data-e-type=\"widget\" data-widget_type=\"image.default\">\n\t\t\t\t<div class=\"elementor-widget-container\">\n\t\t\t\t\t\t\t\t\t\t\t\t\t\t\t<img fetchpriority=\"high\" decoding=\"async\" width=\"683\" height=\"1024\" src=\"https:\/\/mg-verktyg.se\/wp-content\/uploads\/2024\/09\/001_0003_img_4024-683x1024-1.jpg\" class=\"attachment-full size-full wp-image-2446\" alt=\"Knipplagatan 8 p\u00e5 f\u00f6nster\" srcset=\"https:\/\/mg-verktyg.se\/wp-content\/uploads\/2024\/09\/001_0003_img_4024-683x1024-1.jpg 683w, https:\/\/mg-verktyg.se\/wp-content\/uploads\/2024\/09\/001_0003_img_4024-683x1024-1-200x300.jpg 200w\" sizes=\"(max-width: 683px) 100vw, 683px\" \/>\t\t\t\t\t\t\t\t\t\t\t\t\t\t\t<\/div>\n\t\t\t\t<\/div>\n\t\t<div class=\"elementor-element elementor-element-7ee33a6 e-con-full e-flex e-con e-child\" data-id=\"7ee33a6\" data-element_type=\"container\" data-e-type=\"container\">\n\t\t\t\t<div class=\"elementor-element elementor-element-866781e elementor-widget elementor-widget-heading\" data-id=\"866781e\" data-element_type=\"widget\" data-e-type=\"widget\" data-widget_type=\"heading.default\">\n\t\t\t\t<div class=\"elementor-widget-container\">\n\t\t\t\t\t<h2 class=\"elementor-heading-title elementor-size-default\">G\u00f6teborg<\/h2>\t\t\t\t<\/div>\n\t\t\t\t<\/div>\n\t\t\t\t<div class=\"elementor-element elementor-element-9c6b44b elementor-widget elementor-widget-text-editor\" data-id=\"9c6b44b\" data-element_type=\"widget\" data-e-type=\"widget\" data-widget_type=\"text-editor.default\">\n\t\t\t\t<div class=\"elementor-widget-container\">\n\t\t\t\t\t\t\t\t\t<p>In der Knipplagatan 8 sind Sie in unserem Gesch\u00e4ft herzlich willkommen, wo wir Sch\u00e4rf-, Schneid- und Messwerkzeuge von vielen verschiedenen Lieferanten haben. Wir haben \u00fcber 3.000 Artikel auf Lager und es ist gro\u00dfartig, hierher zu kommen und unser breites Sortiment zu sehen. Kommen Sie gleich vorbei und holen Sie ab, wenn Sie kurzfristig Werkzeug ben\u00f6tigen. Wir haben Mitarbeiter vor Ort, die Sie beraten und unterst\u00fctzen k\u00f6nnen. Wir vermitteln auch die Herstellung von Sonderwerkzeugen.    <\/p>\n\t\t\t\t\t\t\t\t<\/div>\n\t\t\t\t<\/div>\n\t\t\t\t<div class=\"elementor-element elementor-element-d0595a0 elementor-widget elementor-widget-heading\" data-id=\"d0595a0\" data-element_type=\"widget\" data-e-type=\"widget\" data-widget_type=\"heading.default\">\n\t\t\t\t<div class=\"elementor-widget-container\">\n\t\t\t\t\t<h3 class=\"elementor-heading-title elementor-size-default\">\u00d6ffnungszeiten<\/h3>\t\t\t\t<\/div>\n\t\t\t\t<\/div>\n\t\t\t\t<div class=\"elementor-element elementor-element-5b824ef elementor-widget elementor-widget-text-editor\" data-id=\"5b824ef\" data-element_type=\"widget\" data-e-type=\"widget\" data-widget_type=\"text-editor.default\">\n\t\t\t\t<div class=\"elementor-widget-container\">\n\t\t\t\t\t\t\t\t\t<p><strong>Mo \u2013 Do:<\/strong> 08:00 \u2013 17:00<\/p>\n<p><strong>Freitags:<\/strong> 08.00 \u2013 16.00<\/p>\n<p><strong>\u00dcber Mittag geschlossen:<\/strong> 12.00 \u2013 12.45<\/p>\n\t\t\t\t\t\t\t\t<\/div>\n\t\t\t\t<\/div>\n\t\t\t\t<\/div>\n\t\t\t\t\t<\/div>\n\t\t\t\t<\/div>\n\t\t<div class=\"elementor-element elementor-element-710b4b6 e-flex e-con-boxed e-con e-parent\" data-id=\"710b4b6\" data-element_type=\"container\" data-e-type=\"container\">\n\t\t\t\t\t<div class=\"e-con-inner\">\n\t\t<div class=\"elementor-element elementor-element-d50ccda e-con-full e-flex e-con e-child\" data-id=\"d50ccda\" data-element_type=\"container\" data-e-type=\"container\">\n\t\t\t\t<div class=\"elementor-element elementor-element-8d2daa5 elementor-widget elementor-widget-heading\" data-id=\"8d2daa5\" data-element_type=\"widget\" data-e-type=\"widget\" data-widget_type=\"heading.default\">\n\t\t\t\t<div class=\"elementor-widget-container\">\n\t\t\t\t\t<h2 class=\"elementor-heading-title elementor-size-default\">Trollh\u00e4ttan<\/h2>\t\t\t\t<\/div>\n\t\t\t\t<\/div>\n\t\t\t\t<div class=\"elementor-element elementor-element-e0833f7 elementor-widget elementor-widget-text-editor\" data-id=\"e0833f7\" data-element_type=\"widget\" data-e-type=\"widget\" data-widget_type=\"text-editor.default\">\n\t\t\t\t<div class=\"elementor-widget-container\">\n\t\t\t\t\t\t\t\t\t<p>In Trollh\u00e4ttan verf\u00fcgen wir \u00fcber erfahrene Mitarbeiter mit guten Ortskenntnissen. Wir haben dort auch einen kleinen Vorrat an Produkten zur Abholung oder Lieferung. <\/p>\n\t\t\t\t\t\t\t\t<\/div>\n\t\t\t\t<\/div>\n\t\t\t\t<div class=\"elementor-element elementor-element-3347133 elementor-widget elementor-widget-gallery\" data-id=\"3347133\" data-element_type=\"widget\" data-e-type=\"widget\" data-settings=\"{&quot;columns&quot;:2,&quot;aspect_ratio&quot;:&quot;4:3&quot;,&quot;gap&quot;:{&quot;unit&quot;:&quot;px&quot;,&quot;size&quot;:20,&quot;sizes&quot;:[]},&quot;lazyload&quot;:&quot;yes&quot;,&quot;gallery_layout&quot;:&quot;grid&quot;,&quot;columns_tablet&quot;:2,&quot;columns_mobile&quot;:1,&quot;gap_tablet&quot;:{&quot;unit&quot;:&quot;px&quot;,&quot;size&quot;:10,&quot;sizes&quot;:[]},&quot;gap_mobile&quot;:{&quot;unit&quot;:&quot;px&quot;,&quot;size&quot;:10,&quot;sizes&quot;:[]},&quot;content_hover_animation&quot;:&quot;fade-in&quot;}\" data-widget_type=\"gallery.default\">\n\t\t\t\t<div class=\"elementor-widget-container\">\n\t\t\t\t\t\t\t<div class=\"elementor-gallery__container\">\n\t\t\t\t\t\t\t<div class=\"e-gallery-item elementor-gallery-item elementor-animated-content\">\n\t\t\t\t\t<div class=\"e-gallery-image elementor-gallery-item__image\" data-thumbnail=\"https:\/\/mg-verktyg.se\/wp-content\/uploads\/2024\/09\/P1100465-flash-1024x768-1.webp\" data-width=\"1024\" data-height=\"768\" aria-label=\"Pferd verktyg\" role=\"img\" ><\/div>\n\t\t\t\t\t\t\t\t\t\t\t\t\t\t<\/div>\n\t\t\t\t\t\t\t<div class=\"e-gallery-item elementor-gallery-item elementor-animated-content\">\n\t\t\t\t\t<div class=\"e-gallery-image elementor-gallery-item__image\" data-thumbnail=\"https:\/\/mg-verktyg.se\/wp-content\/uploads\/2024\/09\/P1100446-flash-1024x768-1.webp\" data-width=\"1024\" data-height=\"768\" aria-label=\"Walter verktyg\" role=\"img\" ><\/div>\n\t\t\t\t\t\t\t\t\t\t\t\t\t\t<\/div>\n\t\t\t\t\t<\/div>\n\t\t\t\t\t<\/div>\n\t\t\t\t<\/div>\n\t\t\t\t<div class=\"elementor-element elementor-element-68bfc6e elementor-widget elementor-widget-gallery\" data-id=\"68bfc6e\" data-element_type=\"widget\" data-e-type=\"widget\" data-settings=\"{&quot;columns&quot;:3,&quot;columns_tablet&quot;:3,&quot;aspect_ratio&quot;:&quot;4:3&quot;,&quot;gap&quot;:{&quot;unit&quot;:&quot;px&quot;,&quot;size&quot;:20,&quot;sizes&quot;:[]},&quot;lazyload&quot;:&quot;yes&quot;,&quot;gallery_layout&quot;:&quot;grid&quot;,&quot;columns_mobile&quot;:1,&quot;gap_tablet&quot;:{&quot;unit&quot;:&quot;px&quot;,&quot;size&quot;:10,&quot;sizes&quot;:[]},&quot;gap_mobile&quot;:{&quot;unit&quot;:&quot;px&quot;,&quot;size&quot;:10,&quot;sizes&quot;:[]},&quot;content_hover_animation&quot;:&quot;fade-in&quot;}\" data-widget_type=\"gallery.default\">\n\t\t\t\t<div class=\"elementor-widget-container\">\n\t\t\t\t\t\t\t<div class=\"elementor-gallery__container\">\n\t\t\t\t\t\t\t<div class=\"e-gallery-item elementor-gallery-item elementor-animated-content\">\n\t\t\t\t\t<div class=\"e-gallery-image elementor-gallery-item__image\" data-thumbnail=\"https:\/\/mg-verktyg.se\/wp-content\/uploads\/2024\/09\/P1100470-flash-300x225-1.webp\" data-width=\"300\" data-height=\"225\" aria-label=\"Mitutoyo m\u00e4tverktyg\" role=\"img\" ><\/div>\n\t\t\t\t\t\t\t\t\t\t\t\t\t\t<\/div>\n\t\t\t\t\t\t\t<div class=\"e-gallery-item elementor-gallery-item elementor-animated-content\">\n\t\t\t\t\t<div class=\"e-gallery-image elementor-gallery-item__image\" data-thumbnail=\"https:\/\/mg-verktyg.se\/wp-content\/uploads\/2024\/09\/P1100458-flash-290x300-1.webp\" data-width=\"290\" data-height=\"300\" aria-label=\"Granlund Tools verktyg\" role=\"img\" ><\/div>\n\t\t\t\t\t\t\t\t\t\t\t\t\t\t<\/div>\n\t\t\t\t\t\t\t<div class=\"e-gallery-item elementor-gallery-item elementor-animated-content\">\n\t\t\t\t\t<div class=\"e-gallery-image elementor-gallery-item__image\" data-thumbnail=\"https:\/\/mg-verktyg.se\/wp-content\/uploads\/2024\/09\/P1100467-flash-300x225-1.webp\" data-width=\"300\" data-height=\"225\" aria-label=\"Verktyg\" role=\"img\" ><\/div>\n\t\t\t\t\t\t\t\t\t\t\t\t\t\t<\/div>\n\t\t\t\t\t<\/div>\n\t\t\t\t\t<\/div>\n\t\t\t\t<\/div>\n\t\t\t\t<\/div>\n\t\t\t\t\t<\/div>\n\t\t\t\t<\/div>\n\t\t\t\t<\/div>\n\t\t","protected":false},"excerpt":{"rendered":"<p>Der Laden G\u00f6teborg In der Knipplagatan 8 sind Sie in unserem Gesch\u00e4ft herzlich willkommen, wo wir Sch\u00e4rf-, Schneid- und Messwerkzeuge [&hellip;]<\/p>\n","protected":false},"author":3,"featured_media":0,"parent":0,"menu_order":0,"comment_status":"closed","ping_status":"closed","template":"","meta":{"_uag_custom_page_level_css":"","site-sidebar-layout":"no-sidebar","site-content-layout":"page-builder","ast-site-content-layout":"full-width-container","site-content-style":"default","site-sidebar-style":"default","ast-global-header-display":"","ast-banner-title-visibility":"","ast-main-header-display":"","ast-hfb-above-header-display":"","ast-hfb-below-header-display":"","ast-hfb-mobile-header-display":"","site-post-title":"disabled","ast-breadcrumbs-content":"","ast-featured-img":"disabled","footer-sml-layout":"","ast-disable-related-posts":"","theme-transparent-header-meta":"","adv-header-id-meta":"","stick-header-meta":"","header-above-stick-meta":"","header-main-stick-meta":"","header-below-stick-meta":"","astra-migrate-meta-layouts":"default","ast-page-background-enabled":"default","ast-page-background-meta":{"desktop":{"background-color":"var(--ast-global-color-4)","background-image":"","background-repeat":"repeat","background-position":"center center","background-size":"auto","background-attachment":"scroll","background-type":"","background-media":"","overlay-type":"","overlay-color":"","overlay-opacity":"","overlay-gradient":""},"tablet":{"background-color":"","background-image":"","background-repeat":"repeat","background-position":"center center","background-size":"auto","background-attachment":"scroll","background-type":"","background-media":"","overlay-type":"","overlay-color":"","overlay-opacity":"","overlay-gradient":""},"mobile":{"background-color":"","background-image":"","background-repeat":"repeat","background-position":"center center","background-size":"auto","background-attachment":"scroll","background-type":"","background-media":"","overlay-type":"","overlay-color":"","overlay-opacity":"","overlay-gradient":""}},"ast-content-background-meta":{"desktop":{"background-color":"var(--ast-global-color-5)","background-image":"","background-repeat":"repeat","background-position":"center center","background-size":"auto","background-attachment":"scroll","background-type":"","background-media":"","overlay-type":"","overlay-color":"","overlay-opacity":"","overlay-gradient":""},"tablet":{"background-color":"var(--ast-global-color-5)","background-image":"","background-repeat":"repeat","background-position":"center center","background-size":"auto","background-attachment":"scroll","background-type":"","background-media":"","overlay-type":"","overlay-color":"","overlay-opacity":"","overlay-gradient":""},"mobile":{"background-color":"var(--ast-global-color-5)","background-image":"","background-repeat":"repeat","background-position":"center center","background-size":"auto","background-attachment":"scroll","background-type":"","background-media":"","overlay-type":"","overlay-color":"","overlay-opacity":"","overlay-gradient":""}},"footnotes":""},"class_list":["post-2674","page","type-page","status-publish","hentry"],"yoast_head":"<!-- This site is optimized with the Yoast SEO plugin v27.3 - https:\/\/yoast.com\/product\/yoast-seo-wordpress\/ -->\n<title>Der Laden - MG Verktyg AB<\/title>\n<meta name=\"robots\" content=\"index, follow, max-snippet:-1, max-image-preview:large, max-video-preview:-1\" \/>\n<link rel=\"canonical\" href=\"https:\/\/mg-verktyg.se\/de\/der-laden\/\" \/>\n<meta property=\"og:locale\" content=\"de_DE\" \/>\n<meta property=\"og:type\" content=\"article\" \/>\n<meta property=\"og:title\" content=\"Der Laden - MG Verktyg AB\" \/>\n<meta property=\"og:description\" content=\"Der Laden G\u00f6teborg In der Knipplagatan 8 sind Sie in unserem Gesch\u00e4ft herzlich willkommen, wo wir Sch\u00e4rf-, Schneid- und Messwerkzeuge [&hellip;]\" \/>\n<meta property=\"og:url\" content=\"https:\/\/mg-verktyg.se\/de\/der-laden\/\" \/>\n<meta property=\"og:site_name\" content=\"MG Verktyg AB\" \/>\n<meta property=\"article:publisher\" content=\"https:\/\/www.facebook.com\/mgverktyg\" \/>\n<meta property=\"article:modified_time\" content=\"2024-09-27T08:40:46+00:00\" \/>\n<meta property=\"og:image\" content=\"https:\/\/mg-verktyg.se\/wp-content\/uploads\/2024\/09\/001_0003_img_4024-683x1024-1.jpg\" \/>\n<meta name=\"twitter:card\" content=\"summary_large_image\" \/>\n<meta name=\"twitter:site\" content=\"@MGVerktyg\" \/>\n<meta name=\"twitter:label1\" content=\"Gesch\u00e4tzte Lesezeit\" \/>\n\t<meta name=\"twitter:data1\" content=\"1\u00a0Minute\" \/>\n<script type=\"application\/ld+json\" class=\"yoast-schema-graph\">{\"@context\":\"https:\\\/\\\/schema.org\",\"@graph\":[{\"@type\":\"WebPage\",\"@id\":\"https:\\\/\\\/mg-verktyg.se\\\/de\\\/der-laden\\\/\",\"url\":\"https:\\\/\\\/mg-verktyg.se\\\/de\\\/der-laden\\\/\",\"name\":\"Der Laden - MG Verktyg AB\",\"isPartOf\":{\"@id\":\"https:\\\/\\\/mg-verktyg.se\\\/de\\\/#website\"},\"primaryImageOfPage\":{\"@id\":\"https:\\\/\\\/mg-verktyg.se\\\/de\\\/der-laden\\\/#primaryimage\"},\"image\":{\"@id\":\"https:\\\/\\\/mg-verktyg.se\\\/de\\\/der-laden\\\/#primaryimage\"},\"thumbnailUrl\":\"https:\\\/\\\/mg-verktyg.se\\\/wp-content\\\/uploads\\\/2024\\\/09\\\/001_0003_img_4024-683x1024-1.jpg\",\"datePublished\":\"2024-09-19T10:57:11+00:00\",\"dateModified\":\"2024-09-27T08:40:46+00:00\",\"breadcrumb\":{\"@id\":\"https:\\\/\\\/mg-verktyg.se\\\/de\\\/der-laden\\\/#breadcrumb\"},\"inLanguage\":\"de\",\"potentialAction\":[{\"@type\":\"ReadAction\",\"target\":[\"https:\\\/\\\/mg-verktyg.se\\\/de\\\/der-laden\\\/\"]}]},{\"@type\":\"ImageObject\",\"inLanguage\":\"de\",\"@id\":\"https:\\\/\\\/mg-verktyg.se\\\/de\\\/der-laden\\\/#primaryimage\",\"url\":\"https:\\\/\\\/mg-verktyg.se\\\/wp-content\\\/uploads\\\/2024\\\/09\\\/001_0003_img_4024-683x1024-1.jpg\",\"contentUrl\":\"https:\\\/\\\/mg-verktyg.se\\\/wp-content\\\/uploads\\\/2024\\\/09\\\/001_0003_img_4024-683x1024-1.jpg\"},{\"@type\":\"BreadcrumbList\",\"@id\":\"https:\\\/\\\/mg-verktyg.se\\\/de\\\/der-laden\\\/#breadcrumb\",\"itemListElement\":[{\"@type\":\"ListItem\",\"position\":1,\"name\":\"Hem\",\"item\":\"https:\\\/\\\/mg-verktyg.se\\\/de\\\/homepage\\\/\"},{\"@type\":\"ListItem\",\"position\":2,\"name\":\"Der Laden\"}]},{\"@type\":\"WebSite\",\"@id\":\"https:\\\/\\\/mg-verktyg.se\\\/de\\\/#website\",\"url\":\"https:\\\/\\\/mg-verktyg.se\\\/de\\\/\",\"name\":\"MG Verktyg AB\",\"description\":\"Vi brinner f\u00f6r svensk verkstadsindustri!\",\"publisher\":{\"@id\":\"https:\\\/\\\/mg-verktyg.se\\\/de\\\/#organization\"},\"potentialAction\":[{\"@type\":\"SearchAction\",\"target\":{\"@type\":\"EntryPoint\",\"urlTemplate\":\"https:\\\/\\\/mg-verktyg.se\\\/de\\\/?s={search_term_string}\"},\"query-input\":{\"@type\":\"PropertyValueSpecification\",\"valueRequired\":true,\"valueName\":\"search_term_string\"}}],\"inLanguage\":\"de\"},{\"@type\":\"Organization\",\"@id\":\"https:\\\/\\\/mg-verktyg.se\\\/de\\\/#organization\",\"name\":\"MG Verktyg AB\",\"url\":\"https:\\\/\\\/mg-verktyg.se\\\/de\\\/\",\"logo\":{\"@type\":\"ImageObject\",\"inLanguage\":\"de\",\"@id\":\"https:\\\/\\\/mg-verktyg.se\\\/de\\\/#\\\/schema\\\/logo\\\/image\\\/\",\"url\":\"https:\\\/\\\/mg-verktyg.se\\\/wp-content\\\/uploads\\\/2024\\\/09\\\/MG_Verktyg_logo.png\",\"contentUrl\":\"https:\\\/\\\/mg-verktyg.se\\\/wp-content\\\/uploads\\\/2024\\\/09\\\/MG_Verktyg_logo.png\",\"width\":231,\"height\":98,\"caption\":\"MG Verktyg AB\"},\"image\":{\"@id\":\"https:\\\/\\\/mg-verktyg.se\\\/de\\\/#\\\/schema\\\/logo\\\/image\\\/\"},\"sameAs\":[\"https:\\\/\\\/www.facebook.com\\\/mgverktyg\",\"https:\\\/\\\/x.com\\\/MGVerktyg\",\"https:\\\/\\\/www.linkedin.com\\\/company\\\/mg-verktyg-ab\",\"https:\\\/\\\/www.instagram.com\\\/mgverktyg\\\/\"]}]}<\/script>\n<!-- \/ Yoast SEO plugin. -->","yoast_head_json":{"title":"Der Laden - MG Verktyg AB","robots":{"index":"index","follow":"follow","max-snippet":"max-snippet:-1","max-image-preview":"max-image-preview:large","max-video-preview":"max-video-preview:-1"},"canonical":"https:\/\/mg-verktyg.se\/de\/der-laden\/","og_locale":"de_DE","og_type":"article","og_title":"Der Laden - MG Verktyg AB","og_description":"Der Laden G\u00f6teborg In der Knipplagatan 8 sind Sie in unserem Gesch\u00e4ft herzlich willkommen, wo wir Sch\u00e4rf-, Schneid- und Messwerkzeuge [&hellip;]","og_url":"https:\/\/mg-verktyg.se\/de\/der-laden\/","og_site_name":"MG Verktyg AB","article_publisher":"https:\/\/www.facebook.com\/mgverktyg","article_modified_time":"2024-09-27T08:40:46+00:00","og_image":[{"url":"https:\/\/mg-verktyg.se\/wp-content\/uploads\/2024\/09\/001_0003_img_4024-683x1024-1.jpg","type":"","width":"","height":""}],"twitter_card":"summary_large_image","twitter_site":"@MGVerktyg","twitter_misc":{"Gesch\u00e4tzte Lesezeit":"1\u00a0Minute"},"schema":{"@context":"https:\/\/schema.org","@graph":[{"@type":"WebPage","@id":"https:\/\/mg-verktyg.se\/de\/der-laden\/","url":"https:\/\/mg-verktyg.se\/de\/der-laden\/","name":"Der Laden - MG Verktyg AB","isPartOf":{"@id":"https:\/\/mg-verktyg.se\/de\/#website"},"primaryImageOfPage":{"@id":"https:\/\/mg-verktyg.se\/de\/der-laden\/#primaryimage"},"image":{"@id":"https:\/\/mg-verktyg.se\/de\/der-laden\/#primaryimage"},"thumbnailUrl":"https:\/\/mg-verktyg.se\/wp-content\/uploads\/2024\/09\/001_0003_img_4024-683x1024-1.jpg","datePublished":"2024-09-19T10:57:11+00:00","dateModified":"2024-09-27T08:40:46+00:00","breadcrumb":{"@id":"https:\/\/mg-verktyg.se\/de\/der-laden\/#breadcrumb"},"inLanguage":"de","potentialAction":[{"@type":"ReadAction","target":["https:\/\/mg-verktyg.se\/de\/der-laden\/"]}]},{"@type":"ImageObject","inLanguage":"de","@id":"https:\/\/mg-verktyg.se\/de\/der-laden\/#primaryimage","url":"https:\/\/mg-verktyg.se\/wp-content\/uploads\/2024\/09\/001_0003_img_4024-683x1024-1.jpg","contentUrl":"https:\/\/mg-verktyg.se\/wp-content\/uploads\/2024\/09\/001_0003_img_4024-683x1024-1.jpg"},{"@type":"BreadcrumbList","@id":"https:\/\/mg-verktyg.se\/de\/der-laden\/#breadcrumb","itemListElement":[{"@type":"ListItem","position":1,"name":"Hem","item":"https:\/\/mg-verktyg.se\/de\/homepage\/"},{"@type":"ListItem","position":2,"name":"Der Laden"}]},{"@type":"WebSite","@id":"https:\/\/mg-verktyg.se\/de\/#website","url":"https:\/\/mg-verktyg.se\/de\/","name":"MG Verktyg AB","description":"Vi brinner f\u00f6r svensk verkstadsindustri!","publisher":{"@id":"https:\/\/mg-verktyg.se\/de\/#organization"},"potentialAction":[{"@type":"SearchAction","target":{"@type":"EntryPoint","urlTemplate":"https:\/\/mg-verktyg.se\/de\/?s={search_term_string}"},"query-input":{"@type":"PropertyValueSpecification","valueRequired":true,"valueName":"search_term_string"}}],"inLanguage":"de"},{"@type":"Organization","@id":"https:\/\/mg-verktyg.se\/de\/#organization","name":"MG Verktyg AB","url":"https:\/\/mg-verktyg.se\/de\/","logo":{"@type":"ImageObject","inLanguage":"de","@id":"https:\/\/mg-verktyg.se\/de\/#\/schema\/logo\/image\/","url":"https:\/\/mg-verktyg.se\/wp-content\/uploads\/2024\/09\/MG_Verktyg_logo.png","contentUrl":"https:\/\/mg-verktyg.se\/wp-content\/uploads\/2024\/09\/MG_Verktyg_logo.png","width":231,"height":98,"caption":"MG Verktyg AB"},"image":{"@id":"https:\/\/mg-verktyg.se\/de\/#\/schema\/logo\/image\/"},"sameAs":["https:\/\/www.facebook.com\/mgverktyg","https:\/\/x.com\/MGVerktyg","https:\/\/www.linkedin.com\/company\/mg-verktyg-ab","https:\/\/www.instagram.com\/mgverktyg\/"]}]}},"uagb_featured_image_src":{"full":false,"thumbnail":false,"medium":false,"medium_large":false,"large":false,"1536x1536":false,"2048x2048":false},"uagb_author_info":{"display_name":"Marko","author_link":"https:\/\/mg-verktyg.se\/de\/author\/marko\/"},"uagb_comment_info":0,"uagb_excerpt":"Der Laden G\u00f6teborg In der Knipplagatan 8 sind Sie in unserem Gesch\u00e4ft herzlich willkommen, wo wir Sch\u00e4rf-, Schneid- und Messwerkzeuge [&hellip;]","jetpack_sharing_enabled":true,"_links":{"self":[{"href":"https:\/\/mg-verktyg.se\/de\/wp-json\/wp\/v2\/pages\/2674","targetHints":{"allow":["GET"]}}],"collection":[{"href":"https:\/\/mg-verktyg.se\/de\/wp-json\/wp\/v2\/pages"}],"about":[{"href":"https:\/\/mg-verktyg.se\/de\/wp-json\/wp\/v2\/types\/page"}],"author":[{"embeddable":true,"href":"https:\/\/mg-verktyg.se\/de\/wp-json\/wp\/v2\/users\/3"}],"replies":[{"embeddable":true,"href":"https:\/\/mg-verktyg.se\/de\/wp-json\/wp\/v2\/comments?post=2674"}],"version-history":[{"count":0,"href":"https:\/\/mg-verktyg.se\/de\/wp-json\/wp\/v2\/pages\/2674\/revisions"}],"wp:attachment":[{"href":"https:\/\/mg-verktyg.se\/de\/wp-json\/wp\/v2\/media?parent=2674"}],"curies":[{"name":"wp","href":"https:\/\/api.w.org\/{rel}","templated":true}]}}